{"id":7,"date":"2017-12-14T20:07:58","date_gmt":"2017-12-14T19:07:58","guid":{"rendered":"http:\/\/neoprint24.pl\/?page_id=7"},"modified":"2025-06-18T08:55:03","modified_gmt":"2025-06-18T06:55:03","slug":"strona-glowna","status":"publish","type":"page","link":"https:\/\/neoprint24.pl\/index\/","title":{"rendered":"Profesjonalny serwis drukarek i urz\u0105dze\u0144 wielofunkcyjnych &#8211; neoprint24.pl"},"content":{"rendered":"<h4><strong><span style=\"color: #3366ff;\">N<\/span><span style=\"color: #3366ff;\">eo<\/span><span style=\"color: #808080;\">print24.pl<\/span><\/strong> to najlepsze rozwi\u0105zanie je\u017celi szukasz serwisu dla urz\u0105dze\u0144 drukuj\u0105cych w swojej firmie lub domu. Wieloletnie do\u015bwiadczenie pozwoli\u0142o nam pozna\u0107 sekrety producent\u00f3w drukarek, dzi\u0119ki temu potrafimy szybko i sprawnie zdiagnozowa\u0107 oraz wyeliminowa\u0107 usterk\u0119 sprz\u0119tu. Serwisujemy urz\u0105dzenia drukuj\u0105ce wszystkich producent\u00f3w, bez wzgl\u0119du na ich wiek.<\/h4>\n<h4><img loading=\"lazy\" decoding=\"async\" class=\"size-full wp-image-98 alignright\" src=\"http:\/\/neoprint24.pl\/wp-content\/uploads\/2017\/12\/eko_180.png\" alt=\"\" width=\"180\" height=\"180\" srcset=\"https:\/\/neoprint24.pl\/wp-content\/uploads\/2017\/12\/eko_180.png 180w, https:\/\/neoprint24.pl\/wp-content\/uploads\/2017\/12\/eko_180-150x150.png 150w\" sizes=\"(max-width: 180px) 100vw, 180px\" \/>B\u0105d\u017a <span style=\"color: #0fa80f;\">EKO<\/span>, nie zanieczyszczaj \u015brodowiska!<\/h4>\n","protected":false},"excerpt":{"rendered":"<p>Neoprint24.pl to najlepsze rozwi\u0105zanie je\u017celi szukasz serwisu dla urz\u0105dze\u0144 drukuj\u0105cych w swojej firmie lub domu. Wieloletnie do\u015bwiadczenie pozwoli\u0142o nam pozna\u0107 sekrety producent\u00f3w [&hellip;]<\/p>\n","protected":false},"author":1,"featured_media":0,"parent":0,"menu_order":0,"comment_status":"closed","ping_status":"closed","template":"","meta":{"footnotes":""},"aioseo_notices":[],"_links":{"self":[{"href":"https:\/\/neoprint24.pl\/index\/wp-json\/wp\/v2\/pages\/7"}],"collection":[{"href":"https:\/\/neoprint24.pl\/index\/wp-json\/wp\/v2\/pages"}],"about":[{"href":"https:\/\/neoprint24.pl\/index\/wp-json\/wp\/v2\/types\/page"}],"author":[{"embeddable":true,"href":"https:\/\/neoprint24.pl\/index\/wp-json\/wp\/v2\/users\/1"}],"replies":[{"embeddable":true,"href":"https:\/\/neoprint24.pl\/index\/wp-json\/wp\/v2\/comments?post=7"}],"version-history":[{"count":69,"href":"https:\/\/neoprint24.pl\/index\/wp-json\/wp\/v2\/pages\/7\/revisions"}],"predecessor-version":[{"id":626,"href":"https:\/\/neoprint24.pl\/index\/wp-json\/wp\/v2\/pages\/7\/revisions\/626"}],"wp:attachment":[{"href":"https:\/\/neoprint24.pl\/index\/wp-json\/wp\/v2\/media?parent=7"}],"curies":[{"name":"wp","href":"https:\/\/api.w.org\/{rel}","templated":true}]}}